{"id":31,"date":"2026-02-22T10:10:57","date_gmt":"2026-02-22T09:10:57","guid":{"rendered":"https:\/\/max.takiereklamy.pl\/?page_id=31"},"modified":"2026-02-22T12:01:06","modified_gmt":"2026-02-22T11:01:06","slug":"kontakt","status":"publish","type":"page","link":"https:\/\/max.takiereklamy.pl\/?page_id=31","title":{"rendered":"Kontakt"},"content":{"rendered":"\t\t<div data-elementor-type=\"wp-page\" data-elementor-id=\"31\" class=\"elementor elementor-31\" data-elementor-post-type=\"page\">\n\t\t\t\t<div class=\"elementor-element elementor-element-13abb9fe e-grid e-con-full e-con e-child\" data-id=\"13abb9fe\" data-element_type=\"container\" data-e-type=\"container\" data-settings=\"{&quot;background_background&quot;:&quot;classic&quot;}\">\n\t\t<div class=\"elementor-element elementor-element-138f9961 e-con-full e-flex e-con e-child\" data-id=\"138f9961\" data-element_type=\"container\" data-e-type=\"container\">\n\t\t\t\t<div class=\"elementor-element elementor-element-6fd7b98c elementor-widget__width-initial elementor-widget elementor-widget-heading\" data-id=\"6fd7b98c\" data-element_type=\"widget\" data-e-type=\"widget\" data-widget_type=\"heading.default\">\n\t\t\t\t\t<h2 class=\"elementor-heading-title elementor-size-default\">SEMAFORY OKR\u0104G\u0141E<\/h2>\t\t\t\t<\/div>\n\t\t\t\t<div class=\"elementor-element elementor-element-68dcafd elementor-widget__width-initial elementor-widget elementor-widget-heading\" data-id=\"68dcafd\" data-element_type=\"widget\" data-e-type=\"widget\" data-widget_type=\"heading.default\">\n\t\t\t\t\t<h2 class=\"elementor-heading-title elementor-size-default\">STUDIO REKLAMY REKLAMAX<br><br>\n\nul.\u0141anowa 7 <br>41-906 <br><br>Bytom\nmail: reklamax@vp.pl<\/h2>\t\t\t\t<\/div>\n\t\t\t\t<\/div>\n\t\t<div class=\"elementor-element elementor-element-5c463428 e-con-full e-flex e-con e-child\" data-id=\"5c463428\" data-element_type=\"container\" data-e-type=\"container\">\n\t\t<div class=\"elementor-element elementor-element-261ba4df e-con-full e-flex e-con e-child\" data-id=\"261ba4df\" data-element_type=\"container\" data-e-type=\"container\">\n\t\t\t\t<div class=\"elementor-element elementor-element-14e2939 elementor-widget__width-initial elementor-widget elementor-widget-heading\" data-id=\"14e2939\" data-element_type=\"widget\" data-e-type=\"widget\" data-widget_type=\"heading.default\">\n\t\t\t\t\t<h2 class=\"elementor-heading-title elementor-size-default\">Realizujemy zlecenia w ca\u0142ej Polsce<\/h2>\t\t\t\t<\/div>\n\t\t\t\t<div class=\"elementor-element elementor-element-509bd95 elementor-widget elementor-widget-image\" data-id=\"509bd95\" data-element_type=\"widget\" data-e-type=\"widget\" data-widget_type=\"image.default\">\n\t\t\t\t\t\t\t\t\t\t\t\t\t\t\t<img fetchpriority=\"high\" decoding=\"async\" width=\"800\" height=\"741\" src=\"https:\/\/max.takiereklamy.pl\/wp-content\/uploads\/2026\/02\/01mapa-1024x949.png\" class=\"attachment-large size-large wp-image-192\" alt=\"\" srcset=\"https:\/\/max.takiereklamy.pl\/wp-content\/uploads\/2026\/02\/01mapa-1024x949.png 1024w, https:\/\/max.takiereklamy.pl\/wp-content\/uploads\/2026\/02\/01mapa-300x278.png 300w, https:\/\/max.takiereklamy.pl\/wp-content\/uploads\/2026\/02\/01mapa-768x712.png 768w, https:\/\/max.takiereklamy.pl\/wp-content\/uploads\/2026\/02\/01mapa-1536x1424.png 1536w, https:\/\/max.takiereklamy.pl\/wp-content\/uploads\/2026\/02\/01mapa-2048x1899.png 2048w\" sizes=\"(max-width: 800px) 100vw, 800px\" \/>\t\t\t\t\t\t\t\t\t\t\t\t\t\t\t<\/div>\n\t\t\t\t<\/div>\n\t\t\t\t<\/div>\n\t\t\t\t<\/div>\n\t\t\t\t<\/div>\n\t\t","protected":false},"excerpt":{"rendered":"<p>SEMAFORY OKR\u0104G\u0141E STUDIO REKLAMY REKLAMAX ul.\u0141anowa 7 41-906 Bytom mail: reklamax@vp.pl Realizujemy zlecenia w ca\u0142ej Polsce<\/p>\n","protected":false},"author":1,"featured_media":0,"parent":0,"menu_order":0,"comment_status":"closed","ping_status":"closed","template":"elementor_header_footer","meta":{"footnotes":""},"class_list":["post-31","page","type-page","status-publish","hentry"],"_links":{"self":[{"href":"https:\/\/max.takiereklamy.pl\/index.php?rest_route=\/wp\/v2\/pages\/31","targetHints":{"allow":["GET"]}}],"collection":[{"href":"https:\/\/max.takiereklamy.pl\/index.php?rest_route=\/wp\/v2\/pages"}],"about":[{"href":"https:\/\/max.takiereklamy.pl\/index.php?rest_route=\/wp\/v2\/types\/page"}],"author":[{"embeddable":true,"href":"https:\/\/max.takiereklamy.pl\/index.php?rest_route=\/wp\/v2\/users\/1"}],"replies":[{"embeddable":true,"href":"https:\/\/max.takiereklamy.pl\/index.php?rest_route=%2Fwp%2Fv2%2Fcomments&post=31"}],"version-history":[{"count":4,"href":"https:\/\/max.takiereklamy.pl\/index.php?rest_route=\/wp\/v2\/pages\/31\/revisions"}],"predecessor-version":[{"id":195,"href":"https:\/\/max.takiereklamy.pl\/index.php?rest_route=\/wp\/v2\/pages\/31\/revisions\/195"}],"wp:attachment":[{"href":"https:\/\/max.takiereklamy.pl\/index.php?rest_route=%2Fwp%2Fv2%2Fmedia&parent=31"}],"curies":[{"name":"wp","href":"https:\/\/api.w.org\/{rel}","templated":true}]}}