{"id":29,"date":"2026-02-22T10:10:31","date_gmt":"2026-02-22T09:10:31","guid":{"rendered":"https:\/\/max.takiereklamy.pl\/?page_id=29"},"modified":"2026-02-22T12:11:30","modified_gmt":"2026-02-22T11:11:30","slug":"pylony","status":"publish","type":"page","link":"https:\/\/max.takiereklamy.pl\/?page_id=29","title":{"rendered":"Pylony"},"content":{"rendered":"\t\t<div data-elementor-type=\"wp-page\" data-elementor-id=\"29\" class=\"elementor elementor-29\" data-elementor-post-type=\"page\">\n\t\t\t\t<div class=\"elementor-element elementor-element-94ac58f e-grid e-con-full e-con e-child\" data-id=\"94ac58f\" data-element_type=\"container\" data-e-type=\"container\" data-settings=\"{&quot;background_background&quot;:&quot;classic&quot;}\">\n\t\t<div class=\"elementor-element elementor-element-21190c96 e-con-full e-flex e-con e-child\" data-id=\"21190c96\" data-element_type=\"container\" data-e-type=\"container\">\n\t\t\t\t<div class=\"elementor-element elementor-element-47451dd4 elementor-widget__width-initial elementor-widget elementor-widget-heading\" data-id=\"47451dd4\" data-element_type=\"widget\" data-e-type=\"widget\" data-widget_type=\"heading.default\">\n\t\t\t\t\t<h2 class=\"elementor-heading-title elementor-size-default\">PYLONY LED<\/h2>\t\t\t\t<\/div>\n\t\t\t\t<\/div>\n\t\t<div class=\"elementor-element elementor-element-72da09e e-con-full e-flex e-con e-child\" data-id=\"72da09e\" data-element_type=\"container\" data-e-type=\"container\">\n\t\t<div class=\"elementor-element elementor-element-3e83275b e-con-full e-flex e-con e-child\" data-id=\"3e83275b\" data-element_type=\"container\" data-e-type=\"container\">\n\t\t\t\t<div class=\"elementor-element elementor-element-50ecd7f2 elementor-widget elementor-widget-text-editor\" data-id=\"50ecd7f2\" data-element_type=\"widget\" data-e-type=\"widget\" data-widget_type=\"text-editor.default\">\n\t\t\t\t\t\t\t\t\t<p>Pylony reklamowe sprawi\u0105 i\u017c Pa\u0144stwa firma b\u0119dzie widoczna ju\u017c z daleka.<br \/>Rozmiar Pylon\u00f3w ( zwanych r\u00f3wnie\u017c witaczami lub totemami) dostosowujemy do infrastruktury.<br \/>Wykonujemy je wolnostoj\u0105ce na podstawie betonowej lub powi\u0105zane z gruntem<\/p>\t\t\t\t\t\t\t\t<\/div>\n\t\t\t\t<\/div>\n\t\t\t\t<\/div>\n\t\t\t\t<\/div>\n\t\t<div class=\"elementor-element elementor-element-76598da3 e-flex e-con-boxed e-con e-parent\" data-id=\"76598da3\" data-element_type=\"container\" data-e-type=\"container\" data-settings=\"{&quot;background_background&quot;:&quot;classic&quot;}\">\n\t\t\t\t\t<div class=\"e-con-inner\">\n\t\t\t\t<div class=\"elementor-element elementor-element-29790d8a gallery-spacing-custom elementor-widget elementor-widget-image-gallery\" data-id=\"29790d8a\" data-element_type=\"widget\" data-e-type=\"widget\" data-widget_type=\"image-gallery.default\">\n\t\t\t\t\t\t\t<div class=\"elementor-image-gallery\">\n\t\t\t<div id='gallery-1' class='gallery galleryid-29 gallery-columns-4 gallery-size-medium'><figure class='gallery-item'>\n\t\t\t<div class='gallery-icon portrait'>\n\t\t\t\t<a data-elementor-open-lightbox=\"yes\" data-elementor-lightbox-slideshow=\"29790d8a\" data-elementor-lightbox-title=\"IMG-4183\" data-e-action-hash=\"#elementor-action%3Aaction%3Dlightbox%26settings%3DeyJpZCI6MTg0LCJ1cmwiOiJodHRwczpcL1wvbWF4LnRha2llcmVrbGFteS5wbFwvd3AtY29udGVudFwvdXBsb2Fkc1wvMjAyNlwvMDJcL0lNRy00MTgzLXNjYWxlZC5qcGciLCJzbGlkZXNob3ciOiIyOTc5MGQ4YSJ9\" href='https:\/\/max.takiereklamy.pl\/wp-content\/uploads\/2026\/02\/IMG-4183-scaled.jpg'><img fetchpriority=\"high\" decoding=\"async\" width=\"225\" height=\"300\" src=\"https:\/\/max.takiereklamy.pl\/wp-content\/uploads\/2026\/02\/IMG-4183-225x300.jpg\" class=\"attachment-medium size-medium\" alt=\"\" srcset=\"https:\/\/max.takiereklamy.pl\/wp-content\/uploads\/2026\/02\/IMG-4183-225x300.jpg 225w, https:\/\/max.takiereklamy.pl\/wp-content\/uploads\/2026\/02\/IMG-4183-scaled.jpg 1920w\" sizes=\"(max-width: 225px) 100vw, 225px\" \/><\/a>\n\t\t\t<\/div><\/figure><figure class='gallery-item'>\n\t\t\t<div class='gallery-icon portrait'>\n\t\t\t\t<a data-elementor-open-lightbox=\"yes\" data-elementor-lightbox-slideshow=\"29790d8a\" data-elementor-lightbox-title=\"IMG_3367\" data-e-action-hash=\"#elementor-action%3Aaction%3Dlightbox%26settings%3DeyJpZCI6MTgzLCJ1cmwiOiJodHRwczpcL1wvbWF4LnRha2llcmVrbGFteS5wbFwvd3AtY29udGVudFwvdXBsb2Fkc1wvMjAyNlwvMDJcL0lNR18zMzY3LXNjYWxlZC5qcGciLCJzbGlkZXNob3ciOiIyOTc5MGQ4YSJ9\" href='https:\/\/max.takiereklamy.pl\/wp-content\/uploads\/2026\/02\/IMG_3367-scaled.jpg'><img decoding=\"async\" width=\"225\" height=\"300\" src=\"https:\/\/max.takiereklamy.pl\/wp-content\/uploads\/2026\/02\/IMG_3367-225x300.jpg\" class=\"attachment-medium size-medium\" alt=\"\" srcset=\"https:\/\/max.takiereklamy.pl\/wp-content\/uploads\/2026\/02\/IMG_3367-225x300.jpg 225w, https:\/\/max.takiereklamy.pl\/wp-content\/uploads\/2026\/02\/IMG_3367-768x1024.jpg 768w, https:\/\/max.takiereklamy.pl\/wp-content\/uploads\/2026\/02\/IMG_3367-1152x1536.jpg 1152w, https:\/\/max.takiereklamy.pl\/wp-content\/uploads\/2026\/02\/IMG_3367-1536x2048.jpg 1536w, https:\/\/max.takiereklamy.pl\/wp-content\/uploads\/2026\/02\/IMG_3367-scaled.jpg 1920w\" sizes=\"(max-width: 225px) 100vw, 225px\" \/><\/a>\n\t\t\t<\/div><\/figure><figure class='gallery-item'>\n\t\t\t<div class='gallery-icon portrait'>\n\t\t\t\t<a data-elementor-open-lightbox=\"yes\" data-elementor-lightbox-slideshow=\"29790d8a\" data-elementor-lightbox-title=\"IMG_0160\" data-e-action-hash=\"#elementor-action%3Aaction%3Dlightbox%26settings%3DeyJpZCI6MTc5LCJ1cmwiOiJodHRwczpcL1wvbWF4LnRha2llcmVrbGFteS5wbFwvd3AtY29udGVudFwvdXBsb2Fkc1wvMjAyNlwvMDJcL0lNR18wMTYwLXNjYWxlZC5qcGciLCJzbGlkZXNob3ciOiIyOTc5MGQ4YSJ9\" href='https:\/\/max.takiereklamy.pl\/wp-content\/uploads\/2026\/02\/IMG_0160-scaled.jpg'><img decoding=\"async\" width=\"200\" height=\"300\" src=\"https:\/\/max.takiereklamy.pl\/wp-content\/uploads\/2026\/02\/IMG_0160-200x300.jpg\" class=\"attachment-medium size-medium\" alt=\"\" srcset=\"https:\/\/max.takiereklamy.pl\/wp-content\/uploads\/2026\/02\/IMG_0160-200x300.jpg 200w, https:\/\/max.takiereklamy.pl\/wp-content\/uploads\/2026\/02\/IMG_0160-683x1024.jpg 683w, https:\/\/max.takiereklamy.pl\/wp-content\/uploads\/2026\/02\/IMG_0160-768x1152.jpg 768w, https:\/\/max.takiereklamy.pl\/wp-content\/uploads\/2026\/02\/IMG_0160-scaled.jpg 1707w\" sizes=\"(max-width: 200px) 100vw, 200px\" \/><\/a>\n\t\t\t<\/div><\/figure><figure class='gallery-item'>\n\t\t\t<div class='gallery-icon landscape'>\n\t\t\t\t<a data-elementor-open-lightbox=\"yes\" data-elementor-lightbox-slideshow=\"29790d8a\" data-elementor-lightbox-title=\"DSC05293\" data-e-action-hash=\"#elementor-action%3Aaction%3Dlightbox%26settings%3DeyJpZCI6MTc4LCJ1cmwiOiJodHRwczpcL1wvbWF4LnRha2llcmVrbGFteS5wbFwvd3AtY29udGVudFwvdXBsb2Fkc1wvMjAyNlwvMDJcL0RTQzA1MjkzLmpwZyIsInNsaWRlc2hvdyI6IjI5NzkwZDhhIn0%3D\" href='https:\/\/max.takiereklamy.pl\/wp-content\/uploads\/2026\/02\/DSC05293.jpg'><img loading=\"lazy\" decoding=\"async\" width=\"300\" height=\"169\" src=\"https:\/\/max.takiereklamy.pl\/wp-content\/uploads\/2026\/02\/DSC05293-300x169.jpg\" class=\"attachment-medium size-medium\" alt=\"\" srcset=\"https:\/\/max.takiereklamy.pl\/wp-content\/uploads\/2026\/02\/DSC05293-300x169.jpg 300w, https:\/\/max.takiereklamy.pl\/wp-content\/uploads\/2026\/02\/DSC05293-1024x576.jpg 1024w, https:\/\/max.takiereklamy.pl\/wp-content\/uploads\/2026\/02\/DSC05293-768x432.jpg 768w, https:\/\/max.takiereklamy.pl\/wp-content\/uploads\/2026\/02\/DSC05293-1536x864.jpg 1536w, https:\/\/max.takiereklamy.pl\/wp-content\/uploads\/2026\/02\/DSC05293.jpg 1920w\" sizes=\"(max-width: 300px) 100vw, 300px\" \/><\/a>\n\t\t\t<\/div><\/figure><figure class='gallery-item'>\n\t\t\t<div class='gallery-icon landscape'>\n\t\t\t\t<a data-elementor-open-lightbox=\"yes\" data-elementor-lightbox-slideshow=\"29790d8a\" data-elementor-lightbox-title=\"DSC03320\" data-e-action-hash=\"#elementor-action%3Aaction%3Dlightbox%26settings%3DeyJpZCI6MTc3LCJ1cmwiOiJodHRwczpcL1wvbWF4LnRha2llcmVrbGFteS5wbFwvd3AtY29udGVudFwvdXBsb2Fkc1wvMjAyNlwvMDJcL0RTQzAzMzIwLXNjYWxlZC5qcGciLCJzbGlkZXNob3ciOiIyOTc5MGQ4YSJ9\" href='https:\/\/max.takiereklamy.pl\/wp-content\/uploads\/2026\/02\/DSC03320-scaled.jpg'><img loading=\"lazy\" decoding=\"async\" width=\"300\" height=\"225\" src=\"https:\/\/max.takiereklamy.pl\/wp-content\/uploads\/2026\/02\/DSC03320-300x225.jpg\" class=\"attachment-medium size-medium\" alt=\"\" srcset=\"https:\/\/max.takiereklamy.pl\/wp-content\/uploads\/2026\/02\/DSC03320-300x225.jpg 300w, https:\/\/max.takiereklamy.pl\/wp-content\/uploads\/2026\/02\/DSC03320-1024x768.jpg 1024w, https:\/\/max.takiereklamy.pl\/wp-content\/uploads\/2026\/02\/DSC03320-768x576.jpg 768w, https:\/\/max.takiereklamy.pl\/wp-content\/uploads\/2026\/02\/DSC03320-1536x1152.jpg 1536w, https:\/\/max.takiereklamy.pl\/wp-content\/uploads\/2026\/02\/DSC03320-2048x1536.jpg 2048w\" sizes=\"(max-width: 300px) 100vw, 300px\" \/><\/a>\n\t\t\t<\/div><\/figure><figure class='gallery-item'>\n\t\t\t<div class='gallery-icon landscape'>\n\t\t\t\t<a data-elementor-open-lightbox=\"yes\" data-elementor-lightbox-slideshow=\"29790d8a\" data-elementor-lightbox-title=\"DSC02562\" data-e-action-hash=\"#elementor-action%3Aaction%3Dlightbox%26settings%3DeyJpZCI6MTc2LCJ1cmwiOiJodHRwczpcL1wvbWF4LnRha2llcmVrbGFteS5wbFwvd3AtY29udGVudFwvdXBsb2Fkc1wvMjAyNlwvMDJcL0RTQzAyNTYyLXNjYWxlZC5qcGciLCJzbGlkZXNob3ciOiIyOTc5MGQ4YSJ9\" href='https:\/\/max.takiereklamy.pl\/wp-content\/uploads\/2026\/02\/DSC02562-scaled.jpg'><img loading=\"lazy\" decoding=\"async\" width=\"300\" height=\"225\" src=\"https:\/\/max.takiereklamy.pl\/wp-content\/uploads\/2026\/02\/DSC02562-300x225.jpg\" class=\"attachment-medium size-medium\" alt=\"\" srcset=\"https:\/\/max.takiereklamy.pl\/wp-content\/uploads\/2026\/02\/DSC02562-300x225.jpg 300w, https:\/\/max.takiereklamy.pl\/wp-content\/uploads\/2026\/02\/DSC02562-1024x768.jpg 1024w, https:\/\/max.takiereklamy.pl\/wp-content\/uploads\/2026\/02\/DSC02562-768x576.jpg 768w, https:\/\/max.takiereklamy.pl\/wp-content\/uploads\/2026\/02\/DSC02562-1536x1152.jpg 1536w, https:\/\/max.takiereklamy.pl\/wp-content\/uploads\/2026\/02\/DSC02562-2048x1536.jpg 2048w\" sizes=\"(max-width: 300px) 100vw, 300px\" \/><\/a>\n\t\t\t<\/div><\/figure>\n\t\t<\/div>\n\t\t<\/div>\n\t\t\t\t\t\t<\/div>\n\t\t\t\t\t<\/div>\n\t\t\t\t<\/div>\n\t\t\t\t<\/div>\n\t\t","protected":false},"excerpt":{"rendered":"<p>PYLONY LED Pylony reklamowe sprawi\u0105 i\u017c Pa\u0144stwa firma b\u0119dzie widoczna ju\u017c z daleka.Rozmiar Pylon\u00f3w ( zwanych r\u00f3wnie\u017c witaczami lub totemami) dostosowujemy do infrastruktury.Wykonujemy je wolnostoj\u0105ce na podstawie betonowej lub powi\u0105zane z gruntem<\/p>\n","protected":false},"author":1,"featured_media":0,"parent":0,"menu_order":0,"comment_status":"closed","ping_status":"closed","template":"elementor_header_footer","meta":{"footnotes":""},"class_list":["post-29","page","type-page","status-publish","hentry"],"_links":{"self":[{"href":"https:\/\/max.takiereklamy.pl\/index.php?rest_route=\/wp\/v2\/pages\/29","targetHints":{"allow":["GET"]}}],"collection":[{"href":"https:\/\/max.takiereklamy.pl\/index.php?rest_route=\/wp\/v2\/pages"}],"about":[{"href":"https:\/\/max.takiereklamy.pl\/index.php?rest_route=\/wp\/v2\/types\/page"}],"author":[{"embeddable":true,"href":"https:\/\/max.takiereklamy.pl\/index.php?rest_route=\/wp\/v2\/users\/1"}],"replies":[{"embeddable":true,"href":"https:\/\/max.takiereklamy.pl\/index.php?rest_route=%2Fwp%2Fv2%2Fcomments&post=29"}],"version-history":[{"count":10,"href":"https:\/\/max.takiereklamy.pl\/index.php?rest_route=\/wp\/v2\/pages\/29\/revisions"}],"predecessor-version":[{"id":213,"href":"https:\/\/max.takiereklamy.pl\/index.php?rest_route=\/wp\/v2\/pages\/29\/revisions\/213"}],"wp:attachment":[{"href":"https:\/\/max.takiereklamy.pl\/index.php?rest_route=%2Fwp%2Fv2%2Fmedia&parent=29"}],"curies":[{"name":"wp","href":"https:\/\/api.w.org\/{rel}","templated":true}]}}